{"id":249,"date":"2026-01-14T10:47:20","date_gmt":"2026-01-14T10:47:20","guid":{"rendered":"https:\/\/hampona.com\/?page_id=249"},"modified":"2026-03-31T12:56:08","modified_gmt":"2026-03-31T12:56:08","slug":"products","status":"publish","type":"page","link":"https:\/\/www.hampona.com\/et\/products\/","title":{"rendered":"Products"},"content":{"rendered":"<div data-elementor-type=\"wp-page\" data-elementor-id=\"249\" class=\"elementor elementor-249\" data-elementor-post-type=\"page\">\n\t\t\t\t<div class=\"elementor-element elementor-element-707f390 e-con-full e-flex e-con e-parent\" data-id=\"707f390\" data-element_type=\"container\" data-e-type=\"container\" data-settings=\"{&quot;background_background&quot;:&quot;classic&quot;}\">\n\t\t<div class=\"elementor-element elementor-element-7f04640 e-con-full e-flex e-con e-child\" data-id=\"7f04640\" data-element_type=\"container\" data-e-type=\"container\" data-settings=\"{&quot;background_background&quot;:&quot;classic&quot;}\">\n\t\t\t\t<div class=\"elementor-element elementor-element-39bb186 elementor-widget elementor-widget-heading\" data-id=\"39bb186\" data-element_type=\"widget\" data-e-type=\"widget\" data-widget_type=\"heading.default\">\n\t\t\t\t\t<h1 class=\"elementor-heading-title elementor-size-default\">Avasta<\/h1>\t\t\t\t<\/div>\n\t\t\t\t<div class=\"elementor-element elementor-element-66e6ca1 elementor-widget elementor-widget-image\" data-id=\"66e6ca1\" data-element_type=\"widget\" data-e-type=\"widget\" data-widget_type=\"image.default\">\n\t\t\t\t\t\t\t\t\t\t\t\t\t\t\t<img decoding=\"async\" width=\"318\" height=\"121\" src=\"https:\/\/hampona.com\/wp-content\/uploads\/2025\/12\/HamponaTextLogo.png\" class=\"attachment-full size-full wp-image-255\" alt=\"\" srcset=\"https:\/\/hampona.com\/wp-content\/uploads\/2025\/12\/HamponaTextLogo.png 318w, https:\/\/hampona.com\/wp-content\/uploads\/2025\/12\/HamponaTextLogo-300x114.png 300w\" sizes=\"(max-width: 318px) 100vw, 318px\" \/>\t\t\t\t\t\t\t\t\t\t\t\t\t\t\t<\/div>\n\t\t\t\t<div class=\"elementor-element elementor-element-ddf47fd elementor-widget elementor-widget-heading\" data-id=\"ddf47fd\" data-element_type=\"widget\" data-e-type=\"widget\" data-widget_type=\"heading.default\">\n\t\t\t\t\t<h1 class=\"elementor-heading-title elementor-size-default\">kollektsioon<\/h1>\t\t\t\t<\/div>\n\t\t\t\t<\/div>\n\t\t\t\t<\/div>\n\t\t<div class=\"elementor-element elementor-element-60a93c6 e-con-full e-flex e-con e-parent\" data-id=\"60a93c6\" data-element_type=\"container\" data-e-type=\"container\" data-settings=\"{&quot;background_background&quot;:&quot;classic&quot;}\">\n\t\t<div class=\"elementor-element elementor-element-93e62a4 e-flex e-con-boxed e-con e-child\" data-id=\"93e62a4\" data-element_type=\"container\" data-e-type=\"container\" data-settings=\"{&quot;background_background&quot;:&quot;gradient&quot;}\">\n\t\t\t\t\t<div class=\"e-con-inner\">\n\t\t<div class=\"elementor-element elementor-element-37639d4 e-con-full e-flex e-con e-child\" data-id=\"37639d4\" data-element_type=\"container\" data-e-type=\"container\">\n\t\t\t\t<div class=\"elementor-element elementor-element-2434d86 elementor-widget elementor-widget-heading\" data-id=\"2434d86\" data-element_type=\"widget\" data-e-type=\"widget\" data-widget_type=\"heading.default\">\n\t\t\t\t\t<h4 class=\"elementor-heading-title elementor-size-default\">The Grand set<\/h4>\t\t\t\t<\/div>\n\t\t\t\t<div class=\"elementor-element elementor-element-7bb8796 elementor-widget elementor-widget-text-editor\" data-id=\"7bb8796\" data-element_type=\"widget\" data-e-type=\"widget\" data-widget_type=\"text-editor.default\">\n\t\t\t\t\t\t\t\t\t<span class=\"woocommerce-Price-amount amount\"><bdi>89,99&nbsp;<span class=\"woocommerce-Price-currencySymbol\">&euro;<\/span><\/bdi><\/span>\t\t\t\t\t\t\t\t<\/div>\n\t\t\t\t<div class=\"elementor-element elementor-element-d414d1f heading-color-primary elementor-widget elementor-widget-heading\" data-id=\"d414d1f\" data-element_type=\"widget\" data-e-type=\"widget\" data-widget_type=\"heading.default\">\n\t\t\t\t\t<h2 class=\"elementor-heading-title elementor-size-default\">Loo m\u00e4lestusi<\/h2>\t\t\t\t<\/div>\n\t\t\t\t<div class=\"elementor-element elementor-element-5d4acad elementor-widget elementor-widget-text-editor\" data-id=\"5d4acad\" data-element_type=\"widget\" data-e-type=\"widget\" data-widget_type=\"text-editor.default\">\n\t\t\t\t\t\t\t\t\t<p>Grand Set kehastab HAMPONA olemust \u2013 t\u00e4histamist, t\u00e4nulikkust ja \u00fchtekuuluvust \u2013 pakkudes k\u00f5ike, mida vajad meeldej\u00e4\u00e4vate kokteilihetkede loomiseks. Elegantse ja l\u00e4bim\u00f5eldud disainiga kollektsioon muudab sinu kodubaari paigaks, kus kohtuvad jagatud r\u00f5\u00f5m ja troopiline h\u00f5ng.<\/p>\t\t\t\t\t\t\t\t<\/div>\n\t\t<div class=\"elementor-element elementor-element-f1e6bb1 e-con-full e-flex e-con e-child\" data-id=\"f1e6bb1\" data-element_type=\"container\" data-e-type=\"container\">\n\t\t\t\t<div class=\"elementor-element elementor-element-48a83c8 elementor-widget elementor-widget-wc-add-to-cart\" data-id=\"48a83c8\" data-element_type=\"widget\" data-e-type=\"widget\" data-widget_type=\"wc-add-to-cart.default\">\n\t\t\t\t\t\t\t\t\t\t<a rel=\"nofollow\" href=\"\/et\/products\/?add-to-cart=205\" data-quantity=\"1\" data-product_id=\"205\" class=\"product_type_simple add_to_cart_button ajax_add_to_cart elementor-button elementor-size-xs\" role=\"button\">\n\t\t\t\t\t\t<span class=\"elementor-button-content-wrapper\">\n\t\t\t\t\t\t\t\t\t<span class=\"elementor-button-text\">Too paradiis koju<\/span>\n\t\t\t\t\t<\/span>\n\t\t\t\t\t<\/a>\n\t\t\t\t\t\t\t\t<\/div>\n\t\t\t\t<div class=\"elementor-element elementor-element-012abda elementor-widget elementor-widget-button\" data-id=\"012abda\" data-element_type=\"widget\" data-e-type=\"widget\" data-widget_type=\"button.default\">\n\t\t\t\t\t\t\t\t\t\t<a class=\"elementor-button elementor-button-link elementor-size-sm\" href=\"https:\/\/www.hampona.com\/et\/toode\/the-grand-set\/\">\n\t\t\t\t\t\t<span class=\"elementor-button-content-wrapper\">\n\t\t\t\t\t\t\t\t\t<span class=\"elementor-button-text\">Avasta rohkem<\/span>\n\t\t\t\t\t<\/span>\n\t\t\t\t\t<\/a>\n\t\t\t\t\t\t\t\t<\/div>\n\t\t\t\t<\/div>\n\t\t\t\t<\/div>\n\t\t<div class=\"elementor-element elementor-element-a89c3f5 e-con-full e-flex e-con e-child\" data-id=\"a89c3f5\" data-element_type=\"container\" data-e-type=\"container\">\n\t\t\t\t<div class=\"elementor-element elementor-element-59d6bd9 elementor-widget elementor-widget-image\" data-id=\"59d6bd9\" data-element_type=\"widget\" data-e-type=\"widget\" data-widget_type=\"image.default\">\n\t\t\t\t\t\t\t\t\t\t\t\t\t\t\t<img fetchpriority=\"high\" decoding=\"async\" width=\"1707\" height=\"1947\" src=\"https:\/\/hampona.com\/wp-content\/uploads\/2025\/12\/TheGrandSet-scaled-e1767002747572.jpg\" class=\"attachment-full size-full wp-image-339\" alt=\"\" srcset=\"https:\/\/hampona.com\/wp-content\/uploads\/2025\/12\/TheGrandSet-scaled-e1767002747572.jpg 1707w, https:\/\/hampona.com\/wp-content\/uploads\/2025\/12\/TheGrandSet-scaled-e1767002747572-263x300.jpg 263w, https:\/\/hampona.com\/wp-content\/uploads\/2025\/12\/TheGrandSet-scaled-e1767002747572-898x1024.jpg 898w, https:\/\/hampona.com\/wp-content\/uploads\/2025\/12\/TheGrandSet-scaled-e1767002747572-768x876.jpg 768w, https:\/\/hampona.com\/wp-content\/uploads\/2025\/12\/TheGrandSet-scaled-e1767002747572-1347x1536.jpg 1347w, https:\/\/hampona.com\/wp-content\/uploads\/2025\/12\/TheGrandSet-scaled-e1767002747572-600x684.jpg 600w\" sizes=\"(max-width: 1707px) 100vw, 1707px\" \/>\t\t\t\t\t\t\t\t\t\t\t\t\t\t\t<\/div>\n\t\t\t\t<\/div>\n\t\t\t\t\t<\/div>\n\t\t\t\t<\/div>\n\t\t<div class=\"elementor-element elementor-element-a54759e e-flex e-con-boxed e-con e-child\" data-id=\"a54759e\" data-element_type=\"container\" data-e-type=\"container\" data-settings=\"{&quot;background_background&quot;:&quot;gradient&quot;}\">\n\t\t\t\t\t<div class=\"e-con-inner\">\n\t\t<div class=\"elementor-element elementor-element-c7065e6 e-con-full e-flex e-con e-child\" data-id=\"c7065e6\" data-element_type=\"container\" data-e-type=\"container\">\n\t\t\t\t<div class=\"elementor-element elementor-element-bbdb407 elementor-widget elementor-widget-image\" data-id=\"bbdb407\" data-element_type=\"widget\" data-e-type=\"widget\" data-widget_type=\"image.default\">\n\t\t\t\t\t\t\t\t\t\t\t\t\t\t\t<img decoding=\"async\" width=\"789\" height=\"900\" src=\"https:\/\/hampona.com\/wp-content\/uploads\/2025\/12\/TheStarterSetSquare-e1765289918965.png\" class=\"attachment-full size-full wp-image-253\" alt=\"\" srcset=\"https:\/\/hampona.com\/wp-content\/uploads\/2025\/12\/TheStarterSetSquare-e1765289918965.png 789w, https:\/\/hampona.com\/wp-content\/uploads\/2025\/12\/TheStarterSetSquare-e1765289918965-263x300.png 263w, https:\/\/hampona.com\/wp-content\/uploads\/2025\/12\/TheStarterSetSquare-e1765289918965-768x876.png 768w, https:\/\/hampona.com\/wp-content\/uploads\/2025\/12\/TheStarterSetSquare-e1765289918965-600x684.png 600w\" sizes=\"(max-width: 789px) 100vw, 789px\" \/>\t\t\t\t\t\t\t\t\t\t\t\t\t\t\t<\/div>\n\t\t\t\t<\/div>\n\t\t<div class=\"elementor-element elementor-element-c3b1dd7 e-con-full e-flex e-con e-child\" data-id=\"c3b1dd7\" data-element_type=\"container\" data-e-type=\"container\">\n\t\t\t\t<div class=\"elementor-element elementor-element-b62cb1a elementor-widget elementor-widget-heading\" data-id=\"b62cb1a\" data-element_type=\"widget\" data-e-type=\"widget\" data-widget_type=\"heading.default\">\n\t\t\t\t\t<h4 class=\"elementor-heading-title elementor-size-default\">Starter Set<\/h4>\t\t\t\t<\/div>\n\t\t\t\t<div class=\"elementor-element elementor-element-74a04e0 elementor-widget elementor-widget-text-editor\" data-id=\"74a04e0\" data-element_type=\"widget\" data-e-type=\"widget\" data-widget_type=\"text-editor.default\">\n\t\t\t\t\t\t\t\t\t<span class=\"woocommerce-Price-amount amount\"><bdi>59,99&nbsp;<span class=\"woocommerce-Price-currencySymbol\">&euro;<\/span><\/bdi><\/span>\t\t\t\t\t\t\t\t<\/div>\n\t\t\t\t<div class=\"elementor-element elementor-element-6844775 heading-color-primary elementor-widget elementor-widget-heading\" data-id=\"6844775\" data-element_type=\"widget\" data-e-type=\"widget\" data-widget_type=\"heading.default\">\n\t\t\t\t\t<h2 class=\"elementor-heading-title elementor-size-default\">Siit algab seiklus<\/h2>\t\t\t\t<\/div>\n\t\t\t\t<div class=\"elementor-element elementor-element-c1f587b elementor-widget elementor-widget-text-editor\" data-id=\"c1f587b\" data-element_type=\"widget\" data-e-type=\"widget\" data-widget_type=\"text-editor.default\">\n\t\t\t\t\t\t\t\t\t<p>Starter Set koondab HAMPONA olemuse \u2013 l\u00f5\u00f5gastuse, t\u00e4nulikkuse ja t\u00e4histamise \u2013 tuues kokku kolm ajatut t\u00f6\u00f6riista, mida iga kokteilihuviline vajab. Elegantse ja l\u00e4bim\u00f5eldud disainiga komplekt tagab, et iga sinu valmistatud jook kannab endas \u00fchtekuuluvustunnet ja troopilist v\u00f5lu.<\/p>\t\t\t\t\t\t\t\t<\/div>\n\t\t<div class=\"elementor-element elementor-element-a65a0c1 e-con-full e-flex e-con e-child\" data-id=\"a65a0c1\" data-element_type=\"container\" data-e-type=\"container\">\n\t\t\t\t<div class=\"elementor-element elementor-element-b2da37a elementor-widget elementor-widget-wc-add-to-cart\" data-id=\"b2da37a\" data-element_type=\"widget\" data-e-type=\"widget\" data-widget_type=\"wc-add-to-cart.default\">\n\t\t\t\t\t\t\t\t\t\t<a rel=\"nofollow\" href=\"\/et\/products\/?add-to-cart=218\" data-quantity=\"1\" data-product_id=\"218\" class=\"product_type_simple add_to_cart_button ajax_add_to_cart elementor-button elementor-size-xs\" role=\"button\">\n\t\t\t\t\t\t<span class=\"elementor-button-content-wrapper\">\n\t\t\t\t\t\t\t\t\t<span class=\"elementor-button-text\">Too paradiis koju<\/span>\n\t\t\t\t\t<\/span>\n\t\t\t\t\t<\/a>\n\t\t\t\t\t\t\t\t<\/div>\n\t\t\t\t<div class=\"elementor-element elementor-element-446de6a elementor-widget elementor-widget-button\" data-id=\"446de6a\" data-element_type=\"widget\" data-e-type=\"widget\" data-widget_type=\"button.default\">\n\t\t\t\t\t\t\t\t\t\t<a class=\"elementor-button elementor-button-link elementor-size-sm\" href=\"https:\/\/www.hampona.com\/et\/toode\/the-starter-set\/\">\n\t\t\t\t\t\t<span class=\"elementor-button-content-wrapper\">\n\t\t\t\t\t\t\t\t\t<span class=\"elementor-button-text\">Avasta rohkem<\/span>\n\t\t\t\t\t<\/span>\n\t\t\t\t\t<\/a>\n\t\t\t\t\t\t\t\t<\/div>\n\t\t\t\t<\/div>\n\t\t\t\t<\/div>\n\t\t\t\t\t<\/div>\n\t\t\t\t<\/div>\n\t\t<div class=\"elementor-element elementor-element-08935c7 e-flex e-con-boxed e-con e-child\" data-id=\"08935c7\" data-element_type=\"container\" data-e-type=\"container\" data-settings=\"{&quot;background_background&quot;:&quot;gradient&quot;}\">\n\t\t\t\t\t<div class=\"e-con-inner\">\n\t\t<div class=\"elementor-element elementor-element-e4ba196 e-con-full e-flex e-con e-child\" data-id=\"e4ba196\" data-element_type=\"container\" data-e-type=\"container\">\n\t\t\t\t<div class=\"elementor-element elementor-element-48bac54 elementor-widget elementor-widget-heading\" data-id=\"48bac54\" data-element_type=\"widget\" data-e-type=\"widget\" data-widget_type=\"heading.default\">\n\t\t\t\t\t<h4 class=\"elementor-heading-title elementor-size-default\">Spirit Shaker<\/h4>\t\t\t\t<\/div>\n\t\t\t\t<div class=\"elementor-element elementor-element-2e1f3b0 elementor-widget elementor-widget-text-editor\" data-id=\"2e1f3b0\" data-element_type=\"widget\" data-e-type=\"widget\" data-widget_type=\"text-editor.default\">\n\t\t\t\t\t\t\t\t\t<span class=\"woocommerce-Price-amount amount\"><bdi>39,99&nbsp;<span class=\"woocommerce-Price-currencySymbol\">&euro;<\/span><\/bdi><\/span>\t\t\t\t\t\t\t\t<\/div>\n\t\t\t\t<div class=\"elementor-element elementor-element-775ea82 heading-color-primary elementor-widget elementor-widget-heading\" data-id=\"775ea82\" data-element_type=\"widget\" data-e-type=\"widget\" data-widget_type=\"heading.default\">\n\t\t\t\t\t<h2 class=\"elementor-heading-title elementor-size-default\">Lase tunnetel end juhtida<\/h2>\t\t\t\t<\/div>\n\t\t\t\t<div class=\"elementor-element elementor-element-4c78182 elementor-widget elementor-widget-text-editor\" data-id=\"4c78182\" data-element_type=\"widget\" data-e-type=\"widget\" data-widget_type=\"text-editor.default\">\n\t\t\t\t\t\t\t\t\t<p>Koge HAMPONA olemust Spirit Shakeriga \u2013 kaunilt kujundatud roostevabast terasest \u0161eikeriga, mis toob igasse jooki l\u00f5\u00f5gastuse, \u00fchtekuuluvuse ja pidulikkuse. Selle luksuslik ja eksklusiivne disain \u00fchendab endas troopilise elegantsuse ja kaasaegse luksuslikkuse, muutes \u0161eikeri samaaegselt nii dekoratiivseks kui ka praktiliseks t\u00f6\u00f6riistaks.<\/p>\t\t\t\t\t\t\t\t<\/div>\n\t\t<div class=\"elementor-element elementor-element-07510e7 e-con-full e-flex e-con e-child\" data-id=\"07510e7\" data-element_type=\"container\" data-e-type=\"container\">\n\t\t\t\t<div class=\"elementor-element elementor-element-95b267b elementor-widget elementor-widget-wc-add-to-cart\" data-id=\"95b267b\" data-element_type=\"widget\" data-e-type=\"widget\" data-widget_type=\"wc-add-to-cart.default\">\n\t\t\t\t\t\t\t\t\t\t<a rel=\"nofollow\" href=\"\/et\/products\/?add-to-cart=221\" data-quantity=\"1\" data-product_id=\"221\" class=\"product_type_simple add_to_cart_button ajax_add_to_cart elementor-button elementor-size-xs\" role=\"button\">\n\t\t\t\t\t\t<span class=\"elementor-button-content-wrapper\">\n\t\t\t\t\t\t\t\t\t<span class=\"elementor-button-text\">Too paradiis koju<\/span>\n\t\t\t\t\t<\/span>\n\t\t\t\t\t<\/a>\n\t\t\t\t\t\t\t\t<\/div>\n\t\t\t\t<div class=\"elementor-element elementor-element-40e7bfa elementor-widget elementor-widget-button\" data-id=\"40e7bfa\" data-element_type=\"widget\" data-e-type=\"widget\" data-widget_type=\"button.default\">\n\t\t\t\t\t\t\t\t\t\t<a class=\"elementor-button elementor-button-link elementor-size-sm\" href=\"https:\/\/www.hampona.com\/et\/toode\/the-spirit-shaker\/\">\n\t\t\t\t\t\t<span class=\"elementor-button-content-wrapper\">\n\t\t\t\t\t\t\t\t\t<span class=\"elementor-button-text\">Avasta rohkem<\/span>\n\t\t\t\t\t<\/span>\n\t\t\t\t\t<\/a>\n\t\t\t\t\t\t\t\t<\/div>\n\t\t\t\t<\/div>\n\t\t\t\t<\/div>\n\t\t<div class=\"elementor-element elementor-element-a2fa26e e-con-full e-flex e-con e-child\" data-id=\"a2fa26e\" data-element_type=\"container\" data-e-type=\"container\">\n\t\t\t\t<div class=\"elementor-element elementor-element-a5257c8 elementor-widget elementor-widget-image\" data-id=\"a5257c8\" data-element_type=\"widget\" data-e-type=\"widget\" data-widget_type=\"image.default\">\n\t\t\t\t\t\t\t\t\t\t\t\t\t\t\t<img loading=\"lazy\" decoding=\"async\" width=\"792\" height=\"900\" src=\"https:\/\/hampona.com\/wp-content\/uploads\/2025\/12\/TheSpiritShakerSquare-e1765289935544.png\" class=\"attachment-full size-full wp-image-252\" alt=\"\" srcset=\"https:\/\/hampona.com\/wp-content\/uploads\/2025\/12\/TheSpiritShakerSquare-e1765289935544.png 792w, https:\/\/hampona.com\/wp-content\/uploads\/2025\/12\/TheSpiritShakerSquare-e1765289935544-264x300.png 264w, https:\/\/hampona.com\/wp-content\/uploads\/2025\/12\/TheSpiritShakerSquare-e1765289935544-768x873.png 768w, https:\/\/hampona.com\/wp-content\/uploads\/2025\/12\/TheSpiritShakerSquare-e1765289935544-600x682.png 600w\" sizes=\"(max-width: 792px) 100vw, 792px\" \/>\t\t\t\t\t\t\t\t\t\t\t\t\t\t\t<\/div>\n\t\t\t\t<\/div>\n\t\t\t\t\t<\/div>\n\t\t\t\t<\/div>\n\t\t\t\t<\/div>\n\t\t\t\t<\/div>","protected":false},"excerpt":{"rendered":"<p>Discover the collection Make the memories The Grand Set embodies the heart of HAMPONA &#8211; celebration, gratitude, and connection &#8211; by offering everything you need to create unforgettable cocktail moments. Designed with elegance and purpose, this collection transforms your home bar into a space of shared joy and refined tropical charm. Bring it home Discover [&hellip;]<\/p>\n","protected":false},"author":1,"featured_media":0,"parent":0,"menu_order":0,"comment_status":"closed","ping_status":"closed","template":"","meta":{"footnotes":""},"class_list":["post-249","page","type-page","status-publish","hentry"],"yoast_head":"<!-- This site is optimized with the Yoast SEO plugin v27.4 - https:\/\/yoast.com\/product\/yoast-seo-wordpress\/ -->\n<title>Premium Cocktail Sets &amp; Barware | Hampona Barware Collection<\/title>\n<meta name=\"description\" content=\"Explore the Hampona Barware collection - premium cocktail sets, elegant shakers, and bar accessories designed to elevate your home bar with tropical sophistication and unforgettable moments.\" \/>\n<meta name=\"robots\" content=\"index, follow, max-snippet:-1, max-image-preview:large, max-video-preview:-1\" \/>\n<link rel=\"canonical\" href=\"https:\/\/hampona.com\/et\/products\/\" \/>\n<meta property=\"og:locale\" content=\"et_EE\" \/>\n<meta property=\"og:type\" content=\"article\" \/>\n<meta property=\"og:title\" content=\"Premium Cocktail Sets &amp; Barware | Hampona Barware Collection\" \/>\n<meta property=\"og:description\" content=\"Explore the Hampona Barware collection - premium cocktail sets, elegant shakers, and bar accessories designed to elevate your home bar with tropical sophistication and unforgettable moments.\" \/>\n<meta property=\"og:url\" content=\"https:\/\/hampona.com\/et\/products\/\" \/>\n<meta property=\"og:site_name\" content=\"Hampona Barware\" \/>\n<meta property=\"article:modified_time\" content=\"2026-03-31T12:56:08+00:00\" \/>\n<meta property=\"og:image\" content=\"https:\/\/hampona.com\/wp-content\/uploads\/2025\/12\/HamponaTextLogo.png\" \/>\n<meta name=\"twitter:card\" content=\"summary_large_image\" \/>\n<meta name=\"twitter:label1\" content=\"Est. reading time\" \/>\n\t<meta name=\"twitter:data1\" content=\"1 minut\" \/>\n<script type=\"application\/ld+json\" class=\"yoast-schema-graph\">{\"@context\":\"https:\\\/\\\/schema.org\",\"@graph\":[{\"@type\":\"WebPage\",\"@id\":\"https:\\\/\\\/hampona.com\\\/et\\\/products\\\/\",\"url\":\"https:\\\/\\\/hampona.com\\\/et\\\/products\\\/\",\"name\":\"Premium Cocktail Sets & Barware | Hampona Barware Collection\",\"isPartOf\":{\"@id\":\"https:\\\/\\\/hampona.com\\\/et\\\/#website\"},\"primaryImageOfPage\":{\"@id\":\"https:\\\/\\\/hampona.com\\\/et\\\/products\\\/#primaryimage\"},\"image\":{\"@id\":\"https:\\\/\\\/hampona.com\\\/et\\\/products\\\/#primaryimage\"},\"thumbnailUrl\":\"https:\\\/\\\/hampona.com\\\/wp-content\\\/uploads\\\/2025\\\/12\\\/HamponaTextLogo.png\",\"datePublished\":\"2026-01-14T10:47:20+00:00\",\"dateModified\":\"2026-03-31T12:56:08+00:00\",\"description\":\"Explore the Hampona Barware collection - premium cocktail sets, elegant shakers, and bar accessories designed to elevate your home bar with tropical sophistication and unforgettable moments.\",\"breadcrumb\":{\"@id\":\"https:\\\/\\\/hampona.com\\\/et\\\/products\\\/#breadcrumb\"},\"inLanguage\":\"et\",\"potentialAction\":[{\"@type\":\"ReadAction\",\"target\":[\"https:\\\/\\\/hampona.com\\\/et\\\/products\\\/\"]}]},{\"@type\":\"ImageObject\",\"inLanguage\":\"et\",\"@id\":\"https:\\\/\\\/hampona.com\\\/et\\\/products\\\/#primaryimage\",\"url\":\"https:\\\/\\\/hampona.com\\\/wp-content\\\/uploads\\\/2025\\\/12\\\/HamponaTextLogo.png\",\"contentUrl\":\"https:\\\/\\\/hampona.com\\\/wp-content\\\/uploads\\\/2025\\\/12\\\/HamponaTextLogo.png\"},{\"@type\":\"BreadcrumbList\",\"@id\":\"https:\\\/\\\/hampona.com\\\/et\\\/products\\\/#breadcrumb\",\"itemListElement\":[{\"@type\":\"ListItem\",\"position\":1,\"name\":\"Home\",\"item\":\"https:\\\/\\\/hampona.com\\\/et\\\/\"},{\"@type\":\"ListItem\",\"position\":2,\"name\":\"Products\"}]},{\"@type\":\"WebSite\",\"@id\":\"https:\\\/\\\/hampona.com\\\/et\\\/#website\",\"url\":\"https:\\\/\\\/hampona.com\\\/et\\\/\",\"name\":\"Hampona Barware\",\"description\":\"\",\"publisher\":{\"@id\":\"https:\\\/\\\/hampona.com\\\/et\\\/#organization\"},\"potentialAction\":[{\"@type\":\"SearchAction\",\"target\":{\"@type\":\"EntryPoint\",\"urlTemplate\":\"https:\\\/\\\/hampona.com\\\/et\\\/?s={search_term_string}\"},\"query-input\":{\"@type\":\"PropertyValueSpecification\",\"valueRequired\":true,\"valueName\":\"search_term_string\"}}],\"inLanguage\":\"et\"},{\"@type\":\"Organization\",\"@id\":\"https:\\\/\\\/hampona.com\\\/et\\\/#organization\",\"name\":\"Hampona Barware\",\"url\":\"https:\\\/\\\/hampona.com\\\/et\\\/\",\"logo\":{\"@type\":\"ImageObject\",\"inLanguage\":\"et\",\"@id\":\"https:\\\/\\\/hampona.com\\\/et\\\/#\\\/schema\\\/logo\\\/image\\\/\",\"url\":\"https:\\\/\\\/www.hampona.com\\\/wp-content\\\/uploads\\\/2025\\\/12\\\/Hampona-Pattern-330x375-transparent-scaled-e1764841743878.png\",\"contentUrl\":\"https:\\\/\\\/www.hampona.com\\\/wp-content\\\/uploads\\\/2025\\\/12\\\/Hampona-Pattern-330x375-transparent-scaled-e1764841743878.png\",\"width\":866,\"height\":980,\"caption\":\"Hampona Barware\"},\"image\":{\"@id\":\"https:\\\/\\\/hampona.com\\\/et\\\/#\\\/schema\\\/logo\\\/image\\\/\"}}]}<\/script>\n<!-- \/ Yoast SEO plugin. -->","yoast_head_json":{"title":"Premium Cocktail Sets & Barware | Hampona Barware Collection","description":"Explore the Hampona Barware collection - premium cocktail sets, elegant shakers, and bar accessories designed to elevate your home bar with tropical sophistication and unforgettable moments.","robots":{"index":"index","follow":"follow","max-snippet":"max-snippet:-1","max-image-preview":"max-image-preview:large","max-video-preview":"max-video-preview:-1"},"canonical":"https:\/\/hampona.com\/et\/products\/","og_locale":"et_EE","og_type":"article","og_title":"Premium Cocktail Sets & Barware | Hampona Barware Collection","og_description":"Explore the Hampona Barware collection - premium cocktail sets, elegant shakers, and bar accessories designed to elevate your home bar with tropical sophistication and unforgettable moments.","og_url":"https:\/\/hampona.com\/et\/products\/","og_site_name":"Hampona Barware","article_modified_time":"2026-03-31T12:56:08+00:00","og_image":[{"url":"https:\/\/hampona.com\/wp-content\/uploads\/2025\/12\/HamponaTextLogo.png","type":"","width":"","height":""}],"twitter_card":"summary_large_image","twitter_misc":{"Est. reading time":"1 minut"},"schema":{"@context":"https:\/\/schema.org","@graph":[{"@type":"WebPage","@id":"https:\/\/hampona.com\/et\/products\/","url":"https:\/\/hampona.com\/et\/products\/","name":"Premium Cocktail Sets & Barware | Hampona Barware Collection","isPartOf":{"@id":"https:\/\/hampona.com\/et\/#website"},"primaryImageOfPage":{"@id":"https:\/\/hampona.com\/et\/products\/#primaryimage"},"image":{"@id":"https:\/\/hampona.com\/et\/products\/#primaryimage"},"thumbnailUrl":"https:\/\/hampona.com\/wp-content\/uploads\/2025\/12\/HamponaTextLogo.png","datePublished":"2026-01-14T10:47:20+00:00","dateModified":"2026-03-31T12:56:08+00:00","description":"Explore the Hampona Barware collection - premium cocktail sets, elegant shakers, and bar accessories designed to elevate your home bar with tropical sophistication and unforgettable moments.","breadcrumb":{"@id":"https:\/\/hampona.com\/et\/products\/#breadcrumb"},"inLanguage":"et","potentialAction":[{"@type":"ReadAction","target":["https:\/\/hampona.com\/et\/products\/"]}]},{"@type":"ImageObject","inLanguage":"et","@id":"https:\/\/hampona.com\/et\/products\/#primaryimage","url":"https:\/\/hampona.com\/wp-content\/uploads\/2025\/12\/HamponaTextLogo.png","contentUrl":"https:\/\/hampona.com\/wp-content\/uploads\/2025\/12\/HamponaTextLogo.png"},{"@type":"BreadcrumbList","@id":"https:\/\/hampona.com\/et\/products\/#breadcrumb","itemListElement":[{"@type":"ListItem","position":1,"name":"Home","item":"https:\/\/hampona.com\/et\/"},{"@type":"ListItem","position":2,"name":"Products"}]},{"@type":"WebSite","@id":"https:\/\/hampona.com\/et\/#website","url":"https:\/\/hampona.com\/et\/","name":"Hampona Barware","description":"","publisher":{"@id":"https:\/\/hampona.com\/et\/#organization"},"potentialAction":[{"@type":"SearchAction","target":{"@type":"EntryPoint","urlTemplate":"https:\/\/hampona.com\/et\/?s={search_term_string}"},"query-input":{"@type":"PropertyValueSpecification","valueRequired":true,"valueName":"search_term_string"}}],"inLanguage":"et"},{"@type":"Organization","@id":"https:\/\/hampona.com\/et\/#organization","name":"Hampona Barware","url":"https:\/\/hampona.com\/et\/","logo":{"@type":"ImageObject","inLanguage":"et","@id":"https:\/\/hampona.com\/et\/#\/schema\/logo\/image\/","url":"https:\/\/www.hampona.com\/wp-content\/uploads\/2025\/12\/Hampona-Pattern-330x375-transparent-scaled-e1764841743878.png","contentUrl":"https:\/\/www.hampona.com\/wp-content\/uploads\/2025\/12\/Hampona-Pattern-330x375-transparent-scaled-e1764841743878.png","width":866,"height":980,"caption":"Hampona Barware"},"image":{"@id":"https:\/\/hampona.com\/et\/#\/schema\/logo\/image\/"}}]}},"jetpack_sharing_enabled":true,"_links":{"self":[{"href":"https:\/\/www.hampona.com\/et\/wp-json\/wp\/v2\/pages\/249","targetHints":{"allow":["GET"]}}],"collection":[{"href":"https:\/\/www.hampona.com\/et\/wp-json\/wp\/v2\/pages"}],"about":[{"href":"https:\/\/www.hampona.com\/et\/wp-json\/wp\/v2\/types\/page"}],"author":[{"embeddable":true,"href":"https:\/\/www.hampona.com\/et\/wp-json\/wp\/v2\/users\/1"}],"replies":[{"embeddable":true,"href":"https:\/\/www.hampona.com\/et\/wp-json\/wp\/v2\/comments?post=249"}],"version-history":[{"count":5,"href":"https:\/\/www.hampona.com\/et\/wp-json\/wp\/v2\/pages\/249\/revisions"}],"predecessor-version":[{"id":929,"href":"https:\/\/www.hampona.com\/et\/wp-json\/wp\/v2\/pages\/249\/revisions\/929"}],"wp:attachment":[{"href":"https:\/\/www.hampona.com\/et\/wp-json\/wp\/v2\/media?parent=249"}],"curies":[{"name":"wp","href":"https:\/\/api.w.org\/{rel}","templated":true}]}}